{"id":199,"date":"2020-06-14T23:14:30","date_gmt":"2020-06-14T21:14:30","guid":{"rendered":"https:\/\/studio12.at\/?page_id=199"},"modified":"2026-02-09T14:25:44","modified_gmt":"2026-02-09T12:25:44","slug":"impressum","status":"publish","type":"page","link":"https:\/\/studio12.at\/en\/impressum\/","title":{"rendered":"Legal Notice"},"content":{"rendered":"<div data-elementor-type=\"wp-page\" data-elementor-id=\"199\" class=\"elementor elementor-199\" data-elementor-post-type=\"page\">\n\t\t\t\t<div class=\"elementor-element elementor-element-345ca28 e-con-full e-flex e-con e-parent\" data-id=\"345ca28\" data-element_type=\"container\" data-settings=\"{&quot;background_background&quot;:&quot;classic&quot;}\">\n\t\t<div class=\"elementor-element elementor-element-63c0d03 e-flex e-con-boxed e-con e-child\" data-id=\"63c0d03\" data-element_type=\"container\">\n\t\t\t\t\t<div class=\"e-con-inner\">\n\t\t<div class=\"elementor-element elementor-element-1cd0534 e-con-full e-flex e-con e-child\" data-id=\"1cd0534\" data-element_type=\"container\">\n\t\t\t\t<div class=\"elementor-element elementor-element-59fe22c elementor-widget__width-initial elementor-widget elementor-widget-text-editor\" data-id=\"59fe22c\" data-element_type=\"widget\" data-widget_type=\"text-editor.default\">\n\t\t\t\t<div class=\"elementor-widget-container\">\n\t\t\t\t\t\t\t\t\t<p class=\"adsimple-121345508\">Informationspflicht laut \u00a75 E-Commerce Gesetz, \u00a714 Unternehmensgesetzbuch, \u00a763 Gewerbeordnung und Offenlegungspflicht laut \u00a725 Mediengesetz.<\/p><p class=\"adsimple-121345508\">studio12 gmbh<br \/>Anichstra\u00dfe 5<br \/>6020 Innsbruck<br \/>Austria<\/p><p class=\"adsimple-121345508\"><strong>Unternehmensgegenstand:<\/strong>\u00a0Konzeption und Organisation von Messen, Ausstellungen und Veranstaltungen aller Art<br \/><strong>UID-Nummer:<\/strong>\u00a0ATU67466789<br \/><strong>Firmenbuchnummer:<\/strong>\u00a0386202 w<br \/><strong>Firmenbuchgericht:<\/strong>\u00a0Innsbruck<br \/><strong>Firmensitz:<\/strong>\u00a0Innsbruck<\/p><p class=\"adsimple-121345508\"><strong>Tel.:<\/strong> +43-(0)512-890438<br \/><strong>E-Mail:<\/strong>\u00a0<a href=\"mailto:office@studio12.at\">office@studio12.at<\/a><\/p><p class=\"adsimple-121345508\"><strong>Mitglied bei:<\/strong>\u00a0WKO<br \/><strong>Berufsrecht:<\/strong>\u00a0Gewerbeordnung: www.ris.bka.gv.at<\/p><p class=\"adsimple-121345508\"><strong>Aufsichtsbeh\u00f6rde\/Gewerbebeh\u00f6rde:<\/strong>\u00a0Bezirkshauptmannschaft Innsbruck<br \/><strong>Berufsbezeichnung:<\/strong>\u00a0Projektleiter<br \/><strong>Verleihungsstaat:<\/strong>\u00a0Austria<\/p><p class=\"adsimple-121345508\"><strong>CEO<\/strong><br \/>Ralph Kerschbaumer<br \/>Tobias Zimmermann<\/p><p class=\"adsimple-121345508\"><strong>Beteiligungsverh\u00e4ltnisse<\/strong><br \/>Ralph Kerschbaumer 50%<br \/>Tobias Zimmermann 50%<\/p>\t\t\t\t\t\t\t\t<\/div>\n\t\t\t\t<\/div>\n\t\t\t\t<\/div>\n\t\t<div class=\"elementor-element elementor-element-09f1136 e-con-full e-flex e-con e-child\" data-id=\"09f1136\" data-element_type=\"container\">\n\t\t\t\t<div class=\"elementor-element elementor-element-13b5c49 elementor-widget__width-initial elementor-widget elementor-widget-text-editor\" data-id=\"13b5c49\" data-element_type=\"widget\" data-widget_type=\"text-editor.default\">\n\t\t\t\t<div class=\"elementor-widget-container\">\n\t\t\t\t\t\t\t\t\t<p class=\"adsimple-121345508\">Information in accordance with \u00a75 of the E-Commerce Act, \u00a714 of the Unternehmensgesetzbuch, \u00a763 of the Commercial Code and disclosure requirements under \u00a725 of the Media Act.<\/p><p class=\"adsimple-121345508\">studio12 gmbh<br \/>Anichstra\u00dfe 5<br \/>6020 Innsbruck<br \/>Austria<\/p><p class=\"adsimple-121345508\"><strong>Object of the company: <\/strong>Design and organisation of trade fairs, exhibitions and events of all kinds<br \/><strong>VAT-Number:<\/strong>\u00a0ATU67466789<br \/><strong>Corporate register number:<\/strong>\u00a0386202 w<br \/><strong>Corporate register court:<\/strong>\u00a0Innsbruck<br \/><strong>Company location:<\/strong>\u00a0Innsbruck<\/p><p class=\"adsimple-121345508\"><strong>Phone:<\/strong> +43-(0)512-890438<br \/><strong>Email:<\/strong>\u00a0<a href=\"mailto:office@studio12.at\">office@studio12.at<\/a><\/p><p class=\"adsimple-121345508\"><strong>Member of:<\/strong>\u00a0WKO<br \/><strong>Laws re. professions:<\/strong>\u00a0Gewerbeordnung: www.ris.bka.gv.at<\/p><p class=\"adsimple-121345508\"><strong>Supervisory\/Trade authority:<\/strong>\u00a0Bezirkshauptmannschaft Innsbruck<br \/><strong>Job title:<\/strong> Project manager<br \/><strong>Awarding country:<\/strong> Austria<\/p><p class=\"adsimple-121345508\"><strong>Chief executive<\/strong><br \/>Ralph Kerschbaumer<br \/>Tobias Zimmermann<\/p><p class=\"adsimple-121345508\"><strong>Ownership structure<\/strong><br \/>Ralph Kerschbaumer 50%<br \/>Tobias Zimmermann 50%<\/p>\t\t\t\t\t\t\t\t<\/div>\n\t\t\t\t<\/div>\n\t\t\t\t<\/div>\n\t\t\t\t\t<\/div>\n\t\t\t\t<\/div>\n\t\t\t\t<\/div>\n\t\t\t\t<\/div>","protected":false},"excerpt":{"rendered":"<p>Informationspflicht laut \u00a75 E-Commerce Gesetz, \u00a714 Unternehmensgesetzbuch, \u00a763 Gewerbeordnung und Offenlegungspflicht laut \u00a725 Mediengesetz. studio12 gmbhAnichstra\u00dfe 56020 Innsbruck\u00d6sterreich Unternehmensgegenstand:\u00a0Konzeption und Organisation von Messen, Ausstellungen und Veranstaltungen aller ArtUID-Nummer:\u00a0ATU67466789Firmenbuchnummer:\u00a0386202 wFirmenbuchgericht:\u00a0InnsbruckFirmensitz:\u00a0Innsbruck Tel.: +43-(0)512-890438E-Mail:\u00a0office@studio12.at Mitglied bei:\u00a0WKOBerufsrecht:\u00a0Gewerbeordnung: www.ris.bka.gv.at Aufsichtsbeh\u00f6rde\/Gewerbebeh\u00f6rde:\u00a0Bezirkshauptmannschaft InnsbruckBerufsbezeichnung:\u00a0ProjektleiterVerleihungsstaat:\u00a0\u00d6sterreich Gesch\u00e4ftsf\u00fchrerRalph KerschbaumerTobias Zimmermann Beteiligungsverh\u00e4ltnisseRalph Kerschbaumer 50%Tobias Zimmermann 50% Information in accordance with \u00a75 of the E-Commerce Act, \u00a714 of [&hellip;]<\/p>\n","protected":false},"author":1,"featured_media":0,"parent":0,"menu_order":0,"comment_status":"closed","ping_status":"closed","template":"elementor_header_footer","meta":{"ocean_post_layout":"","ocean_both_sidebars_style":"","ocean_both_sidebars_content_width":0,"ocean_both_sidebars_sidebars_width":0,"ocean_sidebar":"0","ocean_second_sidebar":"0","ocean_disable_margins":"enable","ocean_add_body_class":"","ocean_shortcode_before_top_bar":"","ocean_shortcode_after_top_bar":"","ocean_shortcode_before_header":"","ocean_shortcode_after_header":"","ocean_has_shortcode":"","ocean_shortcode_after_title":"","ocean_shortcode_before_footer_widgets":"","ocean_shortcode_after_footer_widgets":"","ocean_shortcode_before_footer_bottom":"","ocean_shortcode_after_footer_bottom":"","ocean_display_top_bar":"default","ocean_display_header":"default","ocean_header_style":"","ocean_center_header_left_menu":"0","ocean_custom_header_template":"0","ocean_custom_logo":0,"ocean_custom_retina_logo":0,"ocean_custom_logo_max_width":0,"ocean_custom_logo_tablet_max_width":0,"ocean_custom_logo_mobile_max_width":0,"ocean_custom_logo_max_height":0,"ocean_custom_logo_tablet_max_height":0,"ocean_custom_logo_mobile_max_height":0,"ocean_header_custom_menu":"0","ocean_menu_typo_font_family":"0","ocean_menu_typo_font_subset":"","ocean_menu_typo_font_size":0,"ocean_menu_typo_font_size_tablet":0,"ocean_menu_typo_font_size_mobile":0,"ocean_menu_typo_font_size_unit":"px","ocean_menu_typo_font_weight":"","ocean_menu_typo_font_weight_tablet":"","ocean_menu_typo_font_weight_mobile":"","ocean_menu_typo_transform":"","ocean_menu_typo_transform_tablet":"","ocean_menu_typo_transform_mobile":"","ocean_menu_typo_line_height":0,"ocean_menu_typo_line_height_tablet":0,"ocean_menu_typo_line_height_mobile":0,"ocean_menu_typo_line_height_unit":"","ocean_menu_typo_spacing":0,"ocean_menu_typo_spacing_tablet":0,"ocean_menu_typo_spacing_mobile":0,"ocean_menu_typo_spacing_unit":"","ocean_menu_link_color":"","ocean_menu_link_color_hover":"","ocean_menu_link_color_active":"","ocean_menu_link_background":"","ocean_menu_link_hover_background":"","ocean_menu_link_active_background":"","ocean_menu_social_links_bg":"","ocean_menu_social_hover_links_bg":"","ocean_menu_social_links_color":"","ocean_menu_social_hover_links_color":"","ocean_disable_title":"default","ocean_disable_heading":"default","ocean_post_title":"","ocean_post_subheading":"","ocean_post_title_style":"","ocean_post_title_background_color":"","ocean_post_title_background":0,"ocean_post_title_bg_image_position":"","ocean_post_title_bg_image_attachment":"","ocean_post_title_bg_image_repeat":"","ocean_post_title_bg_image_size":"","ocean_post_title_height":0,"ocean_post_title_bg_overlay":0.5,"ocean_post_title_bg_overlay_color":"","ocean_disable_breadcrumbs":"default","ocean_breadcrumbs_color":"","ocean_breadcrumbs_separator_color":"","ocean_breadcrumbs_links_color":"","ocean_breadcrumbs_links_hover_color":"","ocean_display_footer_widgets":"default","ocean_display_footer_bottom":"default","ocean_custom_footer_template":"0","footnotes":""},"class_list":["post-199","page","type-page","status-publish","hentry","entry"],"_links":{"self":[{"href":"https:\/\/studio12.at\/en\/wp-json\/wp\/v2\/pages\/199","targetHints":{"allow":["GET"]}}],"collection":[{"href":"https:\/\/studio12.at\/en\/wp-json\/wp\/v2\/pages"}],"about":[{"href":"https:\/\/studio12.at\/en\/wp-json\/wp\/v2\/types\/page"}],"author":[{"embeddable":true,"href":"https:\/\/studio12.at\/en\/wp-json\/wp\/v2\/users\/1"}],"replies":[{"embeddable":true,"href":"https:\/\/studio12.at\/en\/wp-json\/wp\/v2\/comments?post=199"}],"version-history":[{"count":22,"href":"https:\/\/studio12.at\/en\/wp-json\/wp\/v2\/pages\/199\/revisions"}],"predecessor-version":[{"id":2813,"href":"https:\/\/studio12.at\/en\/wp-json\/wp\/v2\/pages\/199\/revisions\/2813"}],"wp:attachment":[{"href":"https:\/\/studio12.at\/en\/wp-json\/wp\/v2\/media?parent=199"}],"curies":[{"name":"wp","href":"https:\/\/api.w.org\/{rel}","templated":true}]}}