{"id":2431,"date":"2025-10-20T22:25:45","date_gmt":"2025-10-20T20:25:45","guid":{"rendered":"https:\/\/studio12.at\/?page_id=2431"},"modified":"2025-12-08T19:36:15","modified_gmt":"2025-12-08T17:36:15","slug":"kongressorganisation","status":"publish","type":"page","link":"https:\/\/studio12.at\/en\/kongressorganisation\/","title":{"rendered":"Professional Congress Organizer PCO"},"content":{"rendered":"\t\t<div data-elementor-type=\"wp-page\" data-elementor-id=\"2431\" class=\"elementor elementor-2431\" data-elementor-post-type=\"page\">\n\t\t\t\t<div class=\"elementor-element elementor-element-2160fc0 e-con-full e-flex e-con e-parent\" data-id=\"2160fc0\" data-element_type=\"container\" data-settings=\"{&quot;background_background&quot;:&quot;classic&quot;}\">\n\t\t<div class=\"elementor-element elementor-element-69e7485 e-flex e-con-boxed e-con e-child\" data-id=\"69e7485\" data-element_type=\"container\">\n\t\t\t\t\t<div class=\"e-con-inner\">\n\t\t\t\t<div class=\"elementor-element elementor-element-ea0ac60 elementor-widget elementor-widget-heading\" data-id=\"ea0ac60\" data-element_type=\"widget\" data-widget_type=\"heading.default\">\n\t\t\t\t<div class=\"elementor-widget-container\">\n\t\t\t\t\t<h1 class=\"elementor-heading-title elementor-size-default\">Kongressmanagement<\/h1>\t\t\t\t<\/div>\n\t\t\t\t<\/div>\n\t\t\t\t<div class=\"elementor-element elementor-element-b44e838 elementor-widget elementor-widget-heading\" data-id=\"b44e838\" data-element_type=\"widget\" data-widget_type=\"heading.default\">\n\t\t\t\t<div class=\"elementor-widget-container\">\n\t\t\t\t\t<h3 class=\"elementor-heading-title elementor-size-default\">mit Struktur und Gesp\u00fcr<\/h3>\t\t\t\t<\/div>\n\t\t\t\t<\/div>\n\t\t\t\t<div class=\"elementor-element elementor-element-2eb966f elementor-widget__width-initial elementor-widget elementor-widget-text-editor\" data-id=\"2eb966f\" data-element_type=\"widget\" data-widget_type=\"text-editor.default\">\n\t\t\t\t<div class=\"elementor-widget-container\">\n\t\t\t\t\t\t\t\t\t<p data-start=\"371\" data-end=\"654\">Ein erfolgreicher Kongress entsteht nicht durch Zufall \u2013 sondern durch Planung, Struktur und das richtige Gesp\u00fcr f\u00fcr Details. Bei <strong data-start=\"501\" data-end=\"513\">studio12<\/strong> verbinden wir Organisationstalent mit Erfahrung und einem klaren Verst\u00e4ndnis daf\u00fcr, was wissenschaftliche Veranstaltungen wirklich ausmacht.<\/p>\t\t\t\t\t\t\t\t<\/div>\n\t\t\t\t<\/div>\n\t\t\t\t<div class=\"elementor-element elementor-element-648fd47 elementor-view-stacked elementor-shape-circle elementor-widget elementor-widget-icon\" data-id=\"648fd47\" data-element_type=\"widget\" data-widget_type=\"icon.default\">\n\t\t\t\t<div class=\"elementor-widget-container\">\n\t\t\t\t\t\t\t<div class=\"elementor-icon-wrapper\">\n\t\t\t<a class=\"elementor-icon elementor-animation-grow\" href=\"#teil2\">\n\t\t\t<i aria-hidden=\"true\" class=\"fas fa-long-arrow-alt-down\"><\/i>\t\t\t<\/a>\n\t\t<\/div>\n\t\t\t\t\t\t<\/div>\n\t\t\t\t<\/div>\n\t\t\t\t\t<\/div>\n\t\t\t\t<\/div>\n\t\t\t\t<\/div>\n\t\t<div class=\"elementor-element elementor-element-ad84563 e-con-full e-flex e-con e-parent\" data-id=\"ad84563\" data-element_type=\"container\" id=\"teil2\" data-settings=\"{&quot;background_background&quot;:&quot;classic&quot;}\">\n\t\t\t\t<div class=\"elementor-element elementor-element-a7bd5fa elementor-widget__width-initial elementor-widget-tablet__width-inherit elementor-widget elementor-widget-text-editor\" data-id=\"a7bd5fa\" data-element_type=\"widget\" data-widget_type=\"text-editor.default\">\n\t\t\t\t<div class=\"elementor-widget-container\">\n\t\t\t\t\t\t\t\t\t<h2 data-start=\"1122\" data-end=\"1161\">Reibungslose Abl\u00e4ufe, klare Prozesse<\/h2><p data-start=\"1163\" data-end=\"1539\">Ein Kongress besteht aus vielen beweglichen Teilen \u2013 und wir halten sie zusammen.<br data-start=\"1244\" data-end=\"1247\" \/>Wir k\u00fcmmern uns um <strong data-start=\"1266\" data-end=\"1304\">Abstract- und Referentenmanagement<\/strong>, \u00fcbernehmen <strong data-start=\"1317\" data-end=\"1349\">Budgetplanung und Sponsoring<\/strong>, koordinieren <strong data-start=\"1364\" data-end=\"1401\">Catering, Logistik und Sicherheit<\/strong> und sorgen daf\u00fcr, dass sich alles nahtlos ineinander f\u00fcgt.<br data-start=\"1460\" data-end=\"1463\" \/>So bleibt Raum f\u00fcr das, was wirklich z\u00e4hlt: Inhalte, Austausch und Qualit\u00e4t.<\/p>\t\t\t\t\t\t\t\t<\/div>\n\t\t\t\t<\/div>\n\t\t\t\t<\/div>\n\t\t<div class=\"elementor-element elementor-element-bf47377 e-con-full e-flex e-con e-parent\" data-id=\"bf47377\" data-element_type=\"container\">\n\t\t<div class=\"elementor-element elementor-element-0a362e4 e-flex e-con-boxed e-con e-child\" data-id=\"0a362e4\" data-element_type=\"container\" data-settings=\"{&quot;background_background&quot;:&quot;classic&quot;,&quot;sticky&quot;:&quot;top&quot;,&quot;sticky_parent&quot;:&quot;yes&quot;,&quot;sticky_on&quot;:[&quot;desktop&quot;,&quot;tablet&quot;,&quot;mobile&quot;],&quot;sticky_offset&quot;:0,&quot;sticky_effects_offset&quot;:0,&quot;sticky_anchor_link_offset&quot;:0}\">\n\t\t\t\t\t<div class=\"e-con-inner\">\n\t\t\t\t\t<\/div>\n\t\t\t\t<\/div>\n\t\t<div class=\"elementor-element elementor-element-d0386ee e-con-full e-flex e-con e-child\" data-id=\"d0386ee\" data-element_type=\"container\" data-settings=\"{&quot;background_background&quot;:&quot;classic&quot;}\">\n\t\t\t\t<div class=\"elementor-element elementor-element-ff5d727 elementor-widget__width-initial elementor-widget-tablet__width-inherit elementor-widget elementor-widget-text-editor\" data-id=\"ff5d727\" data-element_type=\"widget\" data-widget_type=\"text-editor.default\">\n\t\t\t\t<div class=\"elementor-widget-container\">\n\t\t\t\t\t\t\t\t\t<h3>Unsere Leistungen<\/h3><ul><li data-start=\"391\" data-end=\"540\"><p data-start=\"393\" data-end=\"540\"><strong data-start=\"393\" data-end=\"417\">Konzeption &amp; Planung<\/strong><br data-start=\"417\" data-end=\"420\" \/>Entwicklung des Veranstaltungskonzepts, Zeit- und Ablaufplanung, Abstimmung mit dem Vorstand oder Organisationsteam.<\/p><\/li><li data-start=\"542\" data-end=\"698\"><p data-start=\"544\" data-end=\"698\"><strong data-start=\"544\" data-end=\"566\">Programmgestaltung<\/strong><br data-start=\"566\" data-end=\"569\" \/>Unterst\u00fctzung bei der Zusammenstellung des wissenschaftlichen Programms, Auswahl von Referent:innen, Vortr\u00e4gen und Workshops.<\/p><\/li><li data-start=\"700\" data-end=\"848\"><p data-start=\"702\" data-end=\"848\"><strong data-start=\"702\" data-end=\"738\">Abstract- &amp; Referentenmanagement<\/strong><br data-start=\"738\" data-end=\"741\" \/>Verwaltung eingereichter Abstracts, Kommunikation mit Vortragenden und Koordination der Pr\u00e4sentationen.<\/p><\/li><li data-start=\"850\" data-end=\"984\"><p data-start=\"852\" data-end=\"984\"><strong data-start=\"852\" data-end=\"894\">Teilnehmer- &amp; Registrierungsmanagement<\/strong><br data-start=\"894\" data-end=\"897\" \/>Online-Registrierung, Zahlungsabwicklung, Teilnehmerbetreuung und Vor-Ort-Check-in.<\/p><\/li><li data-start=\"986\" data-end=\"1123\"><p data-start=\"988\" data-end=\"1123\"><strong data-start=\"988\" data-end=\"1023\">Finanzplanung &amp; Budgetkontrolle<\/strong><br data-start=\"1023\" data-end=\"1026\" \/>Erstellung, \u00dcberwachung und Abrechnung des Kongressbudgets, inklusive Sponsoring-Integration.<\/p><\/li><li data-start=\"1125\" data-end=\"1256\"><p data-start=\"1127\" data-end=\"1256\"><strong data-start=\"1127\" data-end=\"1162\">Logistik &amp; Organisation vor Ort<\/strong><br data-start=\"1162\" data-end=\"1165\" \/>Auswahl und Koordination von Veranstaltungsorten, Unterk\u00fcnften, Transport und Catering.<\/p><\/li><li data-start=\"1258\" data-end=\"1384\"><p data-start=\"1260\" data-end=\"1384\"><strong data-start=\"1260\" data-end=\"1284\">Technische Umsetzung<\/strong><br data-start=\"1284\" data-end=\"1287\" \/>Bereitstellung und Betreuung von Audio-, Video- und IT-Technik, Streaming und Hybridl\u00f6sungen.<\/p><\/li><li data-start=\"1386\" data-end=\"1561\"><p data-start=\"1388\" data-end=\"1561\"><strong data-start=\"1388\" data-end=\"1417\">Marketing &amp; Kommunikation<\/strong><br data-start=\"1417\" data-end=\"1420\" \/>Entwicklung von Marketingstrategien, Grafik- und Webdesign durch das hauseigene Team, Erstellung von Werbematerialien und Online-Pr\u00e4senz.<\/p><\/li><li data-start=\"1563\" data-end=\"1696\"><p data-start=\"1565\" data-end=\"1696\"><strong data-start=\"1565\" data-end=\"1593\">Sponsoring &amp; Ausstellung<\/strong><br data-start=\"1593\" data-end=\"1596\" \/>Akquise und Betreuung von Sponsoren, Organisation von Ausstellungsfl\u00e4chen und Partnerprogrammen.<\/p><\/li><li data-start=\"1698\" data-end=\"1841\"><p data-start=\"1700\" data-end=\"1841\"><strong data-start=\"1700\" data-end=\"1737\">Teilnehmerkommunikation &amp; Support<\/strong><br data-start=\"1737\" data-end=\"1740\" \/>Laufende Information, Beantwortung von Anfragen und Betreuung w\u00e4hrend der gesamten Veranstaltung.<\/p><\/li><li data-start=\"1843\" data-end=\"1975\"><p data-start=\"1845\" data-end=\"1975\"><strong data-start=\"1845\" data-end=\"1875\">Nachbereitung &amp; Evaluation<\/strong><br data-start=\"1875\" data-end=\"1878\" \/>Erstellung von Berichten, Auswertung von Teilnehmerfeedback und Dokumentation der Ergebnisse.<\/p><\/li><li data-start=\"1977\" data-end=\"2120\"><p data-start=\"1979\" data-end=\"2120\"><strong data-start=\"1979\" data-end=\"2012\">Sicherheits- &amp; Notfallplanung<\/strong><br data-start=\"2012\" data-end=\"2015\" \/>Entwicklung von Sicherheitskonzepten und Krisenpl\u00e4nen zur Gew\u00e4hrleistung eines reibungslosen Ablaufs.<\/p><\/li><\/ul>\t\t\t\t\t\t\t\t<\/div>\n\t\t\t\t<\/div>\n\t\t\t\t<div class=\"elementor-element elementor-element-cdbbffd elementor-widget__width-auto elementor-widget elementor-widget-button\" data-id=\"cdbbffd\" data-element_type=\"widget\" data-widget_type=\"button.default\">\n\t\t\t\t<div class=\"elementor-widget-container\">\n\t\t\t\t\t\t\t\t\t<div class=\"elementor-button-wrapper\">\n\t\t\t\t\t<a class=\"elementor-button elementor-button-link elementor-size-sm elementor-animation-grow\" href=\"\/kontakt\">\n\t\t\t\t\t\t<span class=\"elementor-button-content-wrapper\">\n\t\t\t\t\t\t\t\t\t<span class=\"elementor-button-text\">Jetzt kontaktieren<\/span>\n\t\t\t\t\t<\/span>\n\t\t\t\t\t<\/a>\n\t\t\t\t<\/div>\n\t\t\t\t\t\t\t\t<\/div>\n\t\t\t\t<\/div>\n\t\t\t\t<\/div>\n\t\t\t\t<\/div>\n\t\t\t\t<\/div>\n\t\t","protected":false},"excerpt":{"rendered":"<p>Kongressmanagement mit Struktur und Gesp\u00fcr Ein erfolgreicher Kongress entsteht nicht durch Zufall \u2013 sondern durch Planung, Struktur und das richtige Gesp\u00fcr f\u00fcr Details. Bei studio12 verbinden wir Organisationstalent mit Erfahrung und einem klaren Verst\u00e4ndnis daf\u00fcr, was wissenschaftliche Veranstaltungen wirklich ausmacht. Reibungslose Abl\u00e4ufe, klare Prozesse Ein Kongress besteht aus vielen beweglichen Teilen \u2013 und wir halten [&hellip;]<\/p>\n","protected":false},"author":1,"featured_media":0,"parent":0,"menu_order":0,"comment_status":"closed","ping_status":"closed","template":"","meta":{"ocean_post_layout":"full-screen","ocean_both_sidebars_style":"","ocean_both_sidebars_content_width":0,"ocean_both_sidebars_sidebars_width":0,"ocean_sidebar":"0","ocean_second_sidebar":"0","ocean_disable_margins":"enable","ocean_add_body_class":"","ocean_shortcode_before_top_bar":"","ocean_shortcode_after_top_bar":"","ocean_shortcode_before_header":"","ocean_shortcode_after_header":"","ocean_has_shortcode":"","ocean_shortcode_after_title":"","ocean_shortcode_before_footer_widgets":"","ocean_shortcode_after_footer_widgets":"","ocean_shortcode_before_footer_bottom":"","ocean_shortcode_after_footer_bottom":"","ocean_display_top_bar":"default","ocean_display_header":"default","ocean_header_style":"","ocean_center_header_left_menu":"0","ocean_custom_header_template":"0","ocean_custom_logo":0,"ocean_custom_retina_logo":0,"ocean_custom_logo_max_width":0,"ocean_custom_logo_tablet_max_width":0,"ocean_custom_logo_mobile_max_width":0,"ocean_custom_logo_max_height":0,"ocean_custom_logo_tablet_max_height":0,"ocean_custom_logo_mobile_max_height":0,"ocean_header_custom_menu":"0","ocean_menu_typo_font_family":"0","ocean_menu_typo_font_subset":"","ocean_menu_typo_font_size":0,"ocean_menu_typo_font_size_tablet":0,"ocean_menu_typo_font_size_mobile":0,"ocean_menu_typo_font_size_unit":"px","ocean_menu_typo_font_weight":"","ocean_menu_typo_font_weight_tablet":"","ocean_menu_typo_font_weight_mobile":"","ocean_menu_typo_transform":"","ocean_menu_typo_transform_tablet":"","ocean_menu_typo_transform_mobile":"","ocean_menu_typo_line_height":0,"ocean_menu_typo_line_height_tablet":0,"ocean_menu_typo_line_height_mobile":0,"ocean_menu_typo_line_height_unit":"","ocean_menu_typo_spacing":0,"ocean_menu_typo_spacing_tablet":0,"ocean_menu_typo_spacing_mobile":0,"ocean_menu_typo_spacing_unit":"","ocean_menu_link_color":"","ocean_menu_link_color_hover":"","ocean_menu_link_color_active":"","ocean_menu_link_background":"","ocean_menu_link_hover_background":"","ocean_menu_link_active_background":"","ocean_menu_social_links_bg":"","ocean_menu_social_hover_links_bg":"","ocean_menu_social_links_color":"","ocean_menu_social_hover_links_color":"","ocean_disable_title":"default","ocean_disable_heading":"default","ocean_post_title":"","ocean_post_subheading":"","ocean_post_title_style":"","ocean_post_title_background_color":"","ocean_post_title_background":0,"ocean_post_title_bg_image_position":"","ocean_post_title_bg_image_attachment":"","ocean_post_title_bg_image_repeat":"","ocean_post_title_bg_image_size":"","ocean_post_title_height":0,"ocean_post_title_bg_overlay":0.5,"ocean_post_title_bg_overlay_color":"","ocean_disable_breadcrumbs":"default","ocean_breadcrumbs_color":"","ocean_breadcrumbs_separator_color":"","ocean_breadcrumbs_links_color":"","ocean_breadcrumbs_links_hover_color":"","ocean_display_footer_widgets":"default","ocean_display_footer_bottom":"default","ocean_custom_footer_template":"0","footnotes":""},"class_list":["post-2431","page","type-page","status-publish","hentry","entry"],"_links":{"self":[{"href":"https:\/\/studio12.at\/en\/wp-json\/wp\/v2\/pages\/2431","targetHints":{"allow":["GET"]}}],"collection":[{"href":"https:\/\/studio12.at\/en\/wp-json\/wp\/v2\/pages"}],"about":[{"href":"https:\/\/studio12.at\/en\/wp-json\/wp\/v2\/types\/page"}],"author":[{"embeddable":true,"href":"https:\/\/studio12.at\/en\/wp-json\/wp\/v2\/users\/1"}],"replies":[{"embeddable":true,"href":"https:\/\/studio12.at\/en\/wp-json\/wp\/v2\/comments?post=2431"}],"version-history":[{"count":67,"href":"https:\/\/studio12.at\/en\/wp-json\/wp\/v2\/pages\/2431\/revisions"}],"predecessor-version":[{"id":2658,"href":"https:\/\/studio12.at\/en\/wp-json\/wp\/v2\/pages\/2431\/revisions\/2658"}],"wp:attachment":[{"href":"https:\/\/studio12.at\/en\/wp-json\/wp\/v2\/media?parent=2431"}],"curies":[{"name":"wp","href":"https:\/\/api.w.org\/{rel}","templated":true}]}}